{"id":345,"date":"2021-03-07T17:32:49","date_gmt":"2021-03-07T17:32:49","guid":{"rendered":"https:\/\/cyprian-nocon.pl\/?page_id=345"},"modified":"2021-03-14T18:15:21","modified_gmt":"2021-03-14T18:15:21","slug":"cv","status":"publish","type":"page","link":"https:\/\/cyprian-nocon.pl\/index.php\/cv\/","title":{"rendered":"cv"},"content":{"rendered":"\n<p><\/p>\n\n\n\n<p><strong>1991<\/strong>          born in Chorz\u00f3w<\/p>\n\n\n\n<p><strong>2011-17<\/strong>     studies at Fine Arts at Academy of Fine Arts Katowice<\/p>\n\n\n\n<p><strong>2017<\/strong>          artistic residency at Glo-Art Centre, Lanaken, Belgium<\/p>\n\n\n\n<p>lives and works in Chorz\u00f3w<\/p>\n\n\n\n<p><\/p>\n\n\n\n<p><\/p>\n\n\n\n<p><strong>SOLO EXHIBITIONS <\/strong><\/p>\n\n\n\n<p><\/p>\n\n\n\n<p><strong>2021<\/strong>     Storm \/ Galeria Sztuki Stara Rze\u017ania \/ Szczecin<\/p>\n\n\n\n<p><strong>2019<\/strong>     \u015awi\u0119to polifonii \/ Filharmonia im. Kar\u0142owicza \/ Szczecin<\/p>\n\n\n\n<p><strong>2019<\/strong>     Teatr rozrywki \/ Chorz\u00f3w<\/p>\n\n\n\n<p><strong>2018<\/strong>     Patrz\u0105c wg\u0142\u0105b \/ Galeria Sztuki Extravagance \/ Sosnowiec<\/p>\n\n\n\n<p><strong>2017<\/strong>     Granice \/ Centrum Sztuki Zag\u0142\u0119bia \/ D\u0105browa G\u00f3rnicza <\/p>\n\n\n\n<p><strong>2016<\/strong>     Wygnanie \/ Radio Katowice \/ Katowice<\/p>\n\n\n\n<p><strong>2015<\/strong>     Galeria Sztuki Tab \/ Warszawa<\/p>\n\n\n\n<p><\/p>\n\n\n\n<p><\/p>\n\n\n\n<p><strong>GROUP EXHIBITIONS<\/strong><\/p>\n\n\n\n<p><\/p>\n\n\n\n<p><strong>2021<\/strong>     JustHer \/ Shanghai \/ China<\/p>\n\n\n\n<p><strong>2020 <\/strong>    Western Look \/ Shanghai \/ China<\/p>\n\n\n\n<p><strong>2018<\/strong>     Dialogi \/ South Korea &amp; Poland \/ Chorz\u00f3w<\/p>\n\n\n\n<p><strong>2017<\/strong>     Flux Exhibition \/ Chelsea College of Arts \/ London<\/p>\n\n\n\n<p><\/p>\n\n\n\n<p><\/p>\n\n\n\n<p><strong>PUBLICATIONS<\/strong><\/p>\n\n\n\n<p><\/p>\n\n\n\n<p><strong>2021<\/strong>     Cyprian Noco\u0144 *Storm \/ Catalogue<\/p>\n\n\n\n<p><strong>2019<\/strong>     Cyprian Noco\u0144 *\u015awi\u0119to polifonii \/ Catalogue<\/p>\n\n\n\n<p><strong>2019<\/strong>     Malarstwo \/ Catalogue<\/p>\n\n\n\n<p><strong>2017<\/strong>     Dyplomy \/ ASP Katowice \/ Catalogue<\/p>\n\n\n\n<p><strong>2017<\/strong>     Flux Exhibition London \/ Catalogue<\/p>\n","protected":false},"excerpt":{"rendered":"<p>1991 born in Chorz\u00f3w 2011-17 studies at Fine Arts at Academy of Fine Arts Katowice 2017 artistic residency at Glo-Art Centre, Lanaken, Belgium lives and works in Chorz\u00f3w SOLO EXHIBITIONS 2021 Storm \/ Galeria Sztuki Stara Rze\u017ania \/ Szczecin 2019 \u015awi\u0119to polifonii \/ Filharmonia im. Kar\u0142owicza \/ Szczecin 2019 Teatr rozrywki \/ Chorz\u00f3w 2018 Patrz\u0105c [&hellip;]<\/p>\n","protected":false},"author":1,"featured_media":0,"parent":0,"menu_order":0,"comment_status":"closed","ping_status":"closed","template":"","meta":[],"_links":{"self":[{"href":"https:\/\/cyprian-nocon.pl\/index.php\/wp-json\/wp\/v2\/pages\/345"}],"collection":[{"href":"https:\/\/cyprian-nocon.pl\/index.php\/wp-json\/wp\/v2\/pages"}],"about":[{"href":"https:\/\/cyprian-nocon.pl\/index.php\/wp-json\/wp\/v2\/types\/page"}],"author":[{"embeddable":true,"href":"https:\/\/cyprian-nocon.pl\/index.php\/wp-json\/wp\/v2\/users\/1"}],"replies":[{"embeddable":true,"href":"https:\/\/cyprian-nocon.pl\/index.php\/wp-json\/wp\/v2\/comments?post=345"}],"version-history":[{"count":9,"href":"https:\/\/cyprian-nocon.pl\/index.php\/wp-json\/wp\/v2\/pages\/345\/revisions"}],"predecessor-version":[{"id":377,"href":"https:\/\/cyprian-nocon.pl\/index.php\/wp-json\/wp\/v2\/pages\/345\/revisions\/377"}],"wp:attachment":[{"href":"https:\/\/cyprian-nocon.pl\/index.php\/wp-json\/wp\/v2\/media?parent=345"}],"curies":[{"name":"wp","href":"https:\/\/api.w.org\/{rel}","templated":true}]}}